{"id":1095,"date":"2023-06-06T09:40:17","date_gmt":"2023-06-06T09:40:17","guid":{"rendered":"https:\/\/aprt.ourbetazone.com\/?page_id=1095"},"modified":"2024-06-12T19:58:20","modified_gmt":"2024-06-12T17:58:20","slug":"about-us","status":"publish","type":"page","link":"https:\/\/ameprohn.com\/en\/about-us\/","title":{"rendered":"About us"},"content":{"rendered":"<div data-elementor-type=\"wp-page\" data-elementor-id=\"1095\" class=\"elementor elementor-1095\">\n\t\t\t\t\t\t<section class=\"elementor-section elementor-top-section elementor-element elementor-element-e370d96 elementor-section-full_width elementor-section-height-default elementor-section-height-default\" data-id=\"e370d96\" data-element_type=\"section\" data-settings=\"{&quot;background_background&quot;:&quot;gradient&quot;}\">\n\t\t\t\t\t\t<div class=\"elementor-container elementor-column-gap-default\">\n\t\t\t\t\t<div class=\"elementor-column elementor-col-100 elementor-top-column elementor-element elementor-element-dc25451\" data-id=\"dc25451\" data-element_type=\"column\">\n\t\t\t<div class=\"elementor-widget-wrap elementor-element-populated\">\n\t\t\t\t\t\t<section class=\"elementor-section elementor-inner-section elementor-element elementor-element-46c43ef elementor-section-boxed elementor-section-height-default elementor-section-height-default\" data-id=\"46c43ef\" data-element_type=\"section\">\n\t\t\t\t\t\t<div class=\"elementor-container elementor-column-gap-default\">\n\t\t\t\t\t<div class=\"elementor-column elementor-col-50 elementor-inner-column elementor-element elementor-element-7de5efc\" data-id=\"7de5efc\" data-element_type=\"column\" data-settings=\"{&quot;animation&quot;:&quot;none&quot;}\">\n\t\t\t<div class=\"elementor-widget-wrap elementor-element-populated\">\n\t\t\t\t\t\t<div class=\"elementor-element elementor-element-e59379b elementor-widget elementor-widget-aprt_float_image\" data-id=\"e59379b\" data-element_type=\"widget\" data-settings=\"{&quot;btn_padding&quot;:{&quot;unit&quot;:&quot;px&quot;,&quot;top&quot;:&quot;&quot;,&quot;right&quot;:&quot;&quot;,&quot;bottom&quot;:&quot;&quot;,&quot;left&quot;:&quot;&quot;,&quot;isLinked&quot;:true},&quot;btn_padding_tablet&quot;:{&quot;unit&quot;:&quot;px&quot;,&quot;top&quot;:&quot;&quot;,&quot;right&quot;:&quot;&quot;,&quot;bottom&quot;:&quot;&quot;,&quot;left&quot;:&quot;&quot;,&quot;isLinked&quot;:true},&quot;btn_padding_mobile&quot;:{&quot;unit&quot;:&quot;px&quot;,&quot;top&quot;:&quot;&quot;,&quot;right&quot;:&quot;&quot;,&quot;bottom&quot;:&quot;&quot;,&quot;left&quot;:&quot;&quot;,&quot;isLinked&quot;:true}}\" data-widget_type=\"aprt_float_image.default\">\n\t\t\t\t<div class=\"elementor-widget-container\">\n\t\t\t\t\r\n\t    <div class=\"img-wrap-box img-wrap-box-white position-relative apart-magnetic\">\r\n        <img decoding=\"async\" class=\"w-100\" src=\"https:\/\/ameprohn.com\/wp-content\/uploads\/2024\/06\/22.png\" alt=\"Awesome Image\">\r\n    <\/div>\r\n    \r\n\t\t\t<\/div>\n\t\t\t\t<\/div>\n\t\t\t\t<div class=\"elementor-element elementor-element-4fb3c0b elementor-widget elementor-widget-aprt_float_image\" data-id=\"4fb3c0b\" data-element_type=\"widget\" data-settings=\"{&quot;btn_padding&quot;:{&quot;unit&quot;:&quot;px&quot;,&quot;top&quot;:&quot;&quot;,&quot;right&quot;:&quot;&quot;,&quot;bottom&quot;:&quot;&quot;,&quot;left&quot;:&quot;&quot;,&quot;isLinked&quot;:true},&quot;btn_padding_tablet&quot;:{&quot;unit&quot;:&quot;px&quot;,&quot;top&quot;:&quot;&quot;,&quot;right&quot;:&quot;&quot;,&quot;bottom&quot;:&quot;&quot;,&quot;left&quot;:&quot;&quot;,&quot;isLinked&quot;:true},&quot;btn_padding_mobile&quot;:{&quot;unit&quot;:&quot;px&quot;,&quot;top&quot;:&quot;&quot;,&quot;right&quot;:&quot;&quot;,&quot;bottom&quot;:&quot;&quot;,&quot;left&quot;:&quot;&quot;,&quot;isLinked&quot;:true}}\" data-widget_type=\"aprt_float_image.default\">\n\t\t\t\t<div class=\"elementor-widget-container\">\n\t\t\t\t\r\n\t    <div class=\"img-wrap-box img-wrap-box-white position-relative apart-magnetic\">\r\n        <img decoding=\"async\" class=\"w-100\" src=\"https:\/\/ameprohn.com\/wp-content\/uploads\/2024\/06\/33.png\" alt=\"Awesome Image\">\r\n    <\/div>\r\n    \r\n\t\t\t<\/div>\n\t\t\t\t<\/div>\n\t\t\t\t<div class=\"elementor-element elementor-element-74e4bfe elementor-widget elementor-widget-aprt_float_image\" data-id=\"74e4bfe\" data-element_type=\"widget\" data-settings=\"{&quot;btn_padding&quot;:{&quot;unit&quot;:&quot;px&quot;,&quot;top&quot;:&quot;&quot;,&quot;right&quot;:&quot;&quot;,&quot;bottom&quot;:&quot;&quot;,&quot;left&quot;:&quot;&quot;,&quot;isLinked&quot;:true},&quot;btn_padding_tablet&quot;:{&quot;unit&quot;:&quot;px&quot;,&quot;top&quot;:&quot;&quot;,&quot;right&quot;:&quot;&quot;,&quot;bottom&quot;:&quot;&quot;,&quot;left&quot;:&quot;&quot;,&quot;isLinked&quot;:true},&quot;btn_padding_mobile&quot;:{&quot;unit&quot;:&quot;px&quot;,&quot;top&quot;:&quot;&quot;,&quot;right&quot;:&quot;&quot;,&quot;bottom&quot;:&quot;&quot;,&quot;left&quot;:&quot;&quot;,&quot;isLinked&quot;:true}}\" data-widget_type=\"aprt_float_image.default\">\n\t\t\t\t<div class=\"elementor-widget-container\">\n\t\t\t\t\r\n\t    <div class=\"img-wrap-box img-wrap-box-white position-relative apart-magnetic\">\r\n        <img decoding=\"async\" class=\"w-100\" src=\"https:\/\/ameprohn.com\/wp-content\/uploads\/2024\/06\/44.png\" alt=\"Awesome Image\">\r\n    <\/div>\r\n    \r\n\t\t\t<\/div>\n\t\t\t\t<\/div>\n\t\t\t\t\t<\/div>\n\t\t<\/div>\n\t\t\t\t<div class=\"elementor-column elementor-col-50 elementor-inner-column elementor-element elementor-element-331c855 te-about-content\" data-id=\"331c855\" data-element_type=\"column\" data-settings=\"{&quot;animation&quot;:&quot;none&quot;}\">\n\t\t\t<div class=\"elementor-widget-wrap elementor-element-populated\">\n\t\t\t\t\t\t<div class=\"elementor-element elementor-element-5028450 elementor-widget elementor-widget-aprt_heading\" data-id=\"5028450\" data-element_type=\"widget\" data-widget_type=\"aprt_heading.default\">\n\t\t\t\t<div class=\"elementor-widget-container\">\n\t\t\t    \r\n        <div class=\"about-content te-align\">\r\n        <h2 class=\"about-title aprt_title\">AMEPRO= commitment + excellence + customer satisfaction. <\/h2>\r\n    <\/div>\r\n    \r\n    \t\t<\/div>\n\t\t\t\t<\/div>\n\t\t\t\t<div class=\"elementor-element elementor-element-2b7229e elementor-widget elementor-widget-heading\" data-id=\"2b7229e\" data-element_type=\"widget\" data-widget_type=\"heading.default\">\n\t\t\t\t<div class=\"elementor-widget-container\">\n\t\t\t<style>\/*! elementor - v3.22.0 - 17-06-2024 *\/\n.elementor-heading-title{padding:0;margin:0;line-height:1}.elementor-widget-heading .elementor-heading-title[class*=elementor-size-]>a{color:inherit;font-size:inherit;line-height:inherit}.elementor-widget-heading .elementor-heading-title.elementor-size-small{font-size:15px}.elementor-widget-heading .elementor-heading-title.elementor-size-medium{font-size:19px}.elementor-widget-heading .elementor-heading-title.elementor-size-large{font-size:29px}.elementor-widget-heading .elementor-heading-title.elementor-size-xl{font-size:39px}.elementor-widget-heading .elementor-heading-title.elementor-size-xxl{font-size:59px}<\/style><h2 class=\"elementor-heading-title elementor-size-default\">Mission<\/h2>\t\t<\/div>\n\t\t\t\t<\/div>\n\t\t\t\t<div class=\"elementor-element elementor-element-a109418 elementor-widget elementor-widget-aprt_hero_title\" data-id=\"a109418\" data-element_type=\"widget\" data-widget_type=\"aprt_hero_title.default\">\n\t\t\t\t<div class=\"elementor-widget-container\">\n\t\t\t    \n        \n    <div class=\"section-title title-anim te-align\">\n                \n                \n                <div class=\"normal__text\">\n        \t<p>Offer a personalized product and service management service, with a professional team committed to achieving a high level of satisfaction in our clients, using high standards of human resources and technology, in order to offer successful results.\n<\/p>        <\/div>\n    <\/div>\n    \n    \t\t<\/div>\n\t\t\t\t<\/div>\n\t\t\t\t<div class=\"elementor-element elementor-element-bc8115f elementor-widget elementor-widget-heading\" data-id=\"bc8115f\" data-element_type=\"widget\" data-widget_type=\"heading.default\">\n\t\t\t\t<div class=\"elementor-widget-container\">\n\t\t\t<h2 class=\"elementor-heading-title elementor-size-default\">Vision<\/h2>\t\t<\/div>\n\t\t\t\t<\/div>\n\t\t\t\t<div class=\"elementor-element elementor-element-d7d3ebc elementor-widget elementor-widget-aprt_hero_title\" data-id=\"d7d3ebc\" data-element_type=\"widget\" data-widget_type=\"aprt_hero_title.default\">\n\t\t\t\t<div class=\"elementor-widget-container\">\n\t\t\t    \n        \n    <div class=\"section-title title-anim te-align\">\n                \n                \n                <div class=\"normal__text\">\n        \t<p>To be a leading company at a national level, the management of products and services in continuous growth and innovation of technology, processes and human capital with the sole purpose of providing a value-added service to our clients and driving them to continuous growth; based on the delivery of high standard services.<\/p>        <\/div>\n    <\/div>\n    \n    \t\t<\/div>\n\t\t\t\t<\/div>\n\t\t\t\t<div class=\"elementor-element elementor-element-a3d2c26 elementor-widget elementor-widget-heading\" data-id=\"a3d2c26\" data-element_type=\"widget\" data-widget_type=\"heading.default\">\n\t\t\t\t<div class=\"elementor-widget-container\">\n\t\t\t<h2 class=\"elementor-heading-title elementor-size-default\">Values<\/h2>\t\t<\/div>\n\t\t\t\t<\/div>\n\t\t\t\t<div class=\"elementor-element elementor-element-b6a33a8 elementor-widget elementor-widget-aprt_feature_list\" data-id=\"b6a33a8\" data-element_type=\"widget\" data-settings=\"{&quot;aprt_layout_margin&quot;:{&quot;unit&quot;:&quot;px&quot;,&quot;top&quot;:&quot;15&quot;,&quot;right&quot;:&quot;0&quot;,&quot;bottom&quot;:&quot;0&quot;,&quot;left&quot;:&quot;0&quot;,&quot;isLinked&quot;:false},&quot;aprt_layout_margin_tablet&quot;:{&quot;unit&quot;:&quot;px&quot;,&quot;top&quot;:&quot;&quot;,&quot;right&quot;:&quot;&quot;,&quot;bottom&quot;:&quot;&quot;,&quot;left&quot;:&quot;&quot;,&quot;isLinked&quot;:true},&quot;aprt_layout_margin_mobile&quot;:{&quot;unit&quot;:&quot;px&quot;,&quot;top&quot;:&quot;&quot;,&quot;right&quot;:&quot;&quot;,&quot;bottom&quot;:&quot;&quot;,&quot;left&quot;:&quot;&quot;,&quot;isLinked&quot;:true},&quot;aprt_layout_padding&quot;:{&quot;unit&quot;:&quot;px&quot;,&quot;top&quot;:&quot;&quot;,&quot;right&quot;:&quot;&quot;,&quot;bottom&quot;:&quot;&quot;,&quot;left&quot;:&quot;&quot;,&quot;isLinked&quot;:true},&quot;aprt_layout_padding_tablet&quot;:{&quot;unit&quot;:&quot;px&quot;,&quot;top&quot;:&quot;&quot;,&quot;right&quot;:&quot;&quot;,&quot;bottom&quot;:&quot;&quot;,&quot;left&quot;:&quot;&quot;,&quot;isLinked&quot;:true},&quot;aprt_layout_padding_mobile&quot;:{&quot;unit&quot;:&quot;px&quot;,&quot;top&quot;:&quot;&quot;,&quot;right&quot;:&quot;&quot;,&quot;bottom&quot;:&quot;&quot;,&quot;left&quot;:&quot;&quot;,&quot;isLinked&quot;:true}}\" data-widget_type=\"aprt_feature_list.default\">\n\t\t\t\t<div class=\"elementor-widget-container\">\n\t\t\t    \r\n        \r\n    <div class=\"about-content\">\t\t\t\t\t\t\r\n        <ul>\r\n                        <li>\r\n                <svg xmlns=\"http:\/\/www.w3.org\/2000\/svg\" width=\"20\" height=\"16\" viewbox=\"0 0 20 16\" fill=\"currentColor\"><path d=\"M19.3744 0.453125H17.7361C17.5064 0.453125 17.2885 0.558594 17.1478 0.739062L7.48456 12.9805L2.85097 7.10938C2.78087 7.02038 2.69153 6.94842 2.58964 6.8989C2.48775 6.84937 2.37597 6.82357 2.26268 6.82344H0.624403C0.467371 6.82344 0.380653 7.00391 0.476746 7.12578L6.89628 15.2586C7.19628 15.6383 7.77284 15.6383 8.07518 15.2586L19.5221 0.753125C19.6182 0.633594 19.5314 0.453125 19.3744 0.453125Z\" fill=\"currentColor\"><\/path><\/svg>\t\t\t\t<b>Integrity:    <\/b> \nGuiding and fundamental principle of our human capital, we strive to select the best \n            <\/li>\r\n                        <li>\r\n                <svg xmlns=\"http:\/\/www.w3.org\/2000\/svg\" width=\"20\" height=\"16\" viewbox=\"0 0 20 16\" fill=\"currentColor\"><path d=\"M19.3744 0.453125H17.7361C17.5064 0.453125 17.2885 0.558594 17.1478 0.739062L7.48456 12.9805L2.85097 7.10938C2.78087 7.02038 2.69153 6.94842 2.58964 6.8989C2.48775 6.84937 2.37597 6.82357 2.26268 6.82344H0.624403C0.467371 6.82344 0.380653 7.00391 0.476746 7.12578L6.89628 15.2586C7.19628 15.6383 7.77284 15.6383 8.07518 15.2586L19.5221 0.753125C19.6182 0.633594 19.5314 0.453125 19.3744 0.453125Z\" fill=\"currentColor\"><\/path><\/svg>\t\t\t\t<b> Professionalism:<\/b> \nCharacteristic that our entire team possesses when serving our clients in all services.\n            <\/li>\r\n                        <li>\r\n                <svg xmlns=\"http:\/\/www.w3.org\/2000\/svg\" width=\"20\" height=\"16\" viewbox=\"0 0 20 16\" fill=\"currentColor\"><path d=\"M19.3744 0.453125H17.7361C17.5064 0.453125 17.2885 0.558594 17.1478 0.739062L7.48456 12.9805L2.85097 7.10938C2.78087 7.02038 2.69153 6.94842 2.58964 6.8989C2.48775 6.84937 2.37597 6.82357 2.26268 6.82344H0.624403C0.467371 6.82344 0.380653 7.00391 0.476746 7.12578L6.89628 15.2586C7.19628 15.6383 7.77284 15.6383 8.07518 15.2586L19.5221 0.753125C19.6182 0.633594 19.5314 0.453125 19.3744 0.453125Z\" fill=\"currentColor\"><\/path><\/svg>\t\t\t\t<b> Excellence:<\/b>\nIntegrated from the first contact, to provide the greatest satisfaction to our clients every day\n            <\/li>\r\n                        <li>\r\n                <svg xmlns=\"http:\/\/www.w3.org\/2000\/svg\" width=\"20\" height=\"16\" viewbox=\"0 0 20 16\" fill=\"currentColor\"><path d=\"M19.3744 0.453125H17.7361C17.5064 0.453125 17.2885 0.558594 17.1478 0.739062L7.48456 12.9805L2.85097 7.10938C2.78087 7.02038 2.69153 6.94842 2.58964 6.8989C2.48775 6.84937 2.37597 6.82357 2.26268 6.82344H0.624403C0.467371 6.82344 0.380653 7.00391 0.476746 7.12578L6.89628 15.2586C7.19628 15.6383 7.77284 15.6383 8.07518 15.2586L19.5221 0.753125C19.6182 0.633594 19.5314 0.453125 19.3744 0.453125Z\" fill=\"currentColor\"><\/path><\/svg>\t\t\t\t<b>Collaboration:<\/b>\nWe collaborate effectively and professionally to provide the best possible service and attention.            <\/li>\r\n                    <\/ul>\r\n    <\/div>\r\n    \r\n    \t\t<\/div>\n\t\t\t\t<\/div>\n\t\t\t\t<div class=\"elementor-element elementor-element-cce99db elementor-widget elementor-widget-Aprt_button\" data-id=\"cce99db\" data-element_type=\"widget\" data-settings=\"{&quot;btn_padding&quot;:{&quot;unit&quot;:&quot;px&quot;,&quot;top&quot;:&quot;&quot;,&quot;right&quot;:&quot;&quot;,&quot;bottom&quot;:&quot;&quot;,&quot;left&quot;:&quot;&quot;,&quot;isLinked&quot;:true},&quot;btn_padding_tablet&quot;:{&quot;unit&quot;:&quot;px&quot;,&quot;top&quot;:&quot;&quot;,&quot;right&quot;:&quot;&quot;,&quot;bottom&quot;:&quot;&quot;,&quot;left&quot;:&quot;&quot;,&quot;isLinked&quot;:true},&quot;btn_padding_mobile&quot;:{&quot;unit&quot;:&quot;px&quot;,&quot;top&quot;:&quot;&quot;,&quot;right&quot;:&quot;&quot;,&quot;bottom&quot;:&quot;&quot;,&quot;left&quot;:&quot;&quot;,&quot;isLinked&quot;:true}}\" data-widget_type=\"Aprt_button.default\">\n\t\t\t\t<div class=\"elementor-widget-container\">\n\t\t\t    \t        \n        <div class=\"te-btn\">\n            <div class=\"common-btn style-border\">\n                <span class=\"common-btn_circle\"><\/span>\n                <a href=\"https:\/\/ameprohn.com\/en\/contact\/\" target=\"_blank\" rel=\"nofollow\" class=\"common-btn_inner link\">\n                    <span class=\"button_text_container\">\n                        Contact us                    <\/span>\n                <\/a>\n            <\/div>\n        <\/div>\n        \n        \t\t<\/div>\n\t\t\t\t<\/div>\n\t\t\t\t\t<\/div>\n\t\t<\/div>\n\t\t\t\t\t<\/div>\n\t\t<\/section>\n\t\t\t\t<div class=\"elementor-element elementor-element-cc31b77 elementor-widget elementor-widget-aprt_animation_image\" data-id=\"cc31b77\" data-element_type=\"widget\" data-widget_type=\"aprt_animation_image.default\">\n\t\t\t\t<div class=\"elementor-widget-container\">\n\t\t\t\t\r\n\t    \r\n    <img decoding=\"async\" class=\"blog-dark-sp te-img-position\" src=\"https:\/\/ameprohn.com\/wp-content\/uploads\/2023\/06\/home-white-about.png\" alt=\"Awesome Image\">\r\n    \r\n\t\t\t<\/div>\n\t\t\t\t<\/div>\n\t\t\t\t\t<\/div>\n\t\t<\/div>\n\t\t\t\t\t<\/div>\n\t\t<\/section>\n\t\t\t\t<section class=\"elementor-section elementor-top-section elementor-element elementor-element-f1afdbf elementor-section-full_width elementor-hidden-desktop elementor-hidden-tablet elementor-hidden-mobile elementor-section-height-default elementor-section-height-default\" data-id=\"f1afdbf\" data-element_type=\"section\" data-settings=\"{&quot;background_background&quot;:&quot;classic&quot;}\">\n\t\t\t\t\t\t<div class=\"elementor-container elementor-column-gap-default\">\n\t\t\t\t\t<div class=\"elementor-column elementor-col-100 elementor-top-column elementor-element elementor-element-3d0d1a4\" data-id=\"3d0d1a4\" data-element_type=\"column\">\n\t\t\t<div class=\"elementor-widget-wrap\">\n\t\t\t\t\t\t\t<\/div>\n\t\t<\/div>\n\t\t\t\t\t<\/div>\n\t\t<\/section>\n\t\t\t\t<section class=\"elementor-section elementor-top-section elementor-element elementor-element-91b9973 elementor-section-full_width elementor-section-height-default elementor-section-height-default\" data-id=\"91b9973\" data-element_type=\"section\">\n\t\t\t\t\t\t<div class=\"elementor-container elementor-column-gap-default\">\n\t\t\t\t\t<div class=\"elementor-column elementor-col-100 elementor-top-column elementor-element elementor-element-ba515dd\" data-id=\"ba515dd\" data-element_type=\"column\">\n\t\t\t<div class=\"elementor-widget-wrap elementor-element-populated\">\n\t\t\t\t\t\t<section class=\"elementor-section elementor-inner-section elementor-element elementor-element-d14b07f elementor-section-boxed elementor-section-height-default elementor-section-height-default\" data-id=\"d14b07f\" data-element_type=\"section\">\n\t\t\t\t\t\t<div class=\"elementor-container elementor-column-gap-default\">\n\t\t\t\t\t<div class=\"elementor-column elementor-col-33 elementor-inner-column elementor-element elementor-element-1763e0f\" data-id=\"1763e0f\" data-element_type=\"column\">\n\t\t\t<div class=\"elementor-widget-wrap elementor-element-populated\">\n\t\t\t\t\t\t<div class=\"elementor-element elementor-element-95f8a8a elementor-widget elementor-widget-aprt_hero_title\" data-id=\"95f8a8a\" data-element_type=\"widget\" data-widget_type=\"aprt_hero_title.default\">\n\t\t\t\t<div class=\"elementor-widget-container\">\n\t\t\t    \n        \n    <div class=\"section-title title-anim te-align\">\n                \n                    <h2 class=\"te_title about-title aprt-size-default\">Our history<\/h2>                \n                <div class=\"normal__text\">\n        \t<p>In 2009, AMEPRO was born from the dream and determination of Denis Castro and Alejandra L\u00f3pez. Starting as a small sales and distribution agency for telecommunications products, our company offered its door-to-door services in various neighborhoods and neighborhoods. With only five salespeople, we began a path that, with effort and dedication, led us to expand our team until we reached a maximum of 80 salespeople. <br><br>\nThe year 2016 was crucial for AMEPRO. We decided to reinvent ourselves and take a bold step into the future by becoming an advanced Contact Center platform. This transformation not only diversified our services, but also created more than 100 new employment opportunities, from agents to campaign managers.\n<br><br>Today, the fruits of our effort and dedication are evident. With God's blessing, we continue forward, committed to achieving new goals and to continue being a benchmark for quality and innovation in our sector.<br><br>\n\u201cI can do all things through Christ who strengthens me\u201d - Philippians 4:13\n<\/p>        <\/div>\n    <\/div>\n    \n    \t\t<\/div>\n\t\t\t\t<\/div>\n\t\t\t\t\t<\/div>\n\t\t<\/div>\n\t\t\t\t<div class=\"elementor-column elementor-col-33 elementor-inner-column elementor-element elementor-element-c4a0367 elementor-hidden-tablet elementor-hidden-mobile\" data-id=\"c4a0367\" data-element_type=\"column\">\n\t\t\t<div class=\"elementor-widget-wrap\">\n\t\t\t\t\t\t\t<\/div>\n\t\t<\/div>\n\t\t\t\t<div class=\"elementor-column elementor-col-33 elementor-inner-column elementor-element elementor-element-6ff9fc1\" data-id=\"6ff9fc1\" data-element_type=\"column\">\n\t\t\t<div class=\"elementor-widget-wrap elementor-element-populated\">\n\t\t\t\t\t\t<div class=\"elementor-element elementor-element-87068d0 elementor-widget__width-initial elementor-widget elementor-widget-aprt_float_image\" data-id=\"87068d0\" data-element_type=\"widget\" data-settings=\"{&quot;btn_padding&quot;:{&quot;unit&quot;:&quot;px&quot;,&quot;top&quot;:&quot;&quot;,&quot;right&quot;:&quot;&quot;,&quot;bottom&quot;:&quot;&quot;,&quot;left&quot;:&quot;&quot;,&quot;isLinked&quot;:true},&quot;btn_padding_tablet&quot;:{&quot;unit&quot;:&quot;px&quot;,&quot;top&quot;:&quot;&quot;,&quot;right&quot;:&quot;&quot;,&quot;bottom&quot;:&quot;&quot;,&quot;left&quot;:&quot;&quot;,&quot;isLinked&quot;:true},&quot;btn_padding_mobile&quot;:{&quot;unit&quot;:&quot;px&quot;,&quot;top&quot;:&quot;&quot;,&quot;right&quot;:&quot;&quot;,&quot;bottom&quot;:&quot;&quot;,&quot;left&quot;:&quot;&quot;,&quot;isLinked&quot;:true}}\" data-widget_type=\"aprt_float_image.default\">\n\t\t\t\t<div class=\"elementor-widget-container\">\n\t\t\t\t\r\n\t    <div class=\"img-wrap-box img-wrap-box-white position-relative apart-magnetic\">\r\n        <img decoding=\"async\" class=\"w-100\" src=\"https:\/\/ameprohn.com\/wp-content\/uploads\/2024\/06\/55.png\" alt=\"Awesome Image\">\r\n    <\/div>\r\n    \r\n\t\t\t<\/div>\n\t\t\t\t<\/div>\n\t\t\t\t\t<\/div>\n\t\t<\/div>\n\t\t\t\t\t<\/div>\n\t\t<\/section>\n\t\t\t\t<div class=\"elementor-element elementor-element-a178a86 elementor-widget elementor-widget-aprt_animation_image\" data-id=\"a178a86\" data-element_type=\"widget\" data-widget_type=\"aprt_animation_image.default\">\n\t\t\t\t<div class=\"elementor-widget-container\">\n\t\t\t\t\r\n\t    \r\n    <img decoding=\"async\" class=\"blog-dark-sp te-img-position\" src=\"https:\/\/ameprohn.com\/wp-content\/uploads\/2023\/06\/sp-right-white.png\" alt=\"Awesome Image\">\r\n    \r\n\t\t\t<\/div>\n\t\t\t\t<\/div>\n\t\t\t\t\t<\/div>\n\t\t<\/div>\n\t\t\t\t\t<\/div>\n\t\t<\/section>\n\t\t\t\t<\/div>","protected":false},"excerpt":{"rendered":"<p>AMEPRO= compromiso + excelencia + satisfacci\u00f3n del cliente. Misi\u00f3n Ofrecer un servicio personalizado de gesti\u00f3n de productos y servicios, con un equipo profesional comprometido para lograr un alto nivel de satisfacci\u00f3n en nuestros clientes, empleando altos est\u00e1ndares de equipo humano y tecnolog\u00eda, en pro de ofrecer resultados de \u00e9xito. Visi\u00f3n Ser una empresa l\u00edder a [&hellip;]<\/p>","protected":false},"author":1,"featured_media":0,"parent":0,"menu_order":0,"comment_status":"closed","ping_status":"closed","template":"tpl-default-elementor.php","meta":{"_joinchat":[],"footnotes":""},"_links":{"self":[{"href":"https:\/\/ameprohn.com\/en\/wp-json\/wp\/v2\/pages\/1095"}],"collection":[{"href":"https:\/\/ameprohn.com\/en\/wp-json\/wp\/v2\/pages"}],"about":[{"href":"https:\/\/ameprohn.com\/en\/wp-json\/wp\/v2\/types\/page"}],"author":[{"embeddable":true,"href":"https:\/\/ameprohn.com\/en\/wp-json\/wp\/v2\/users\/1"}],"replies":[{"embeddable":true,"href":"https:\/\/ameprohn.com\/en\/wp-json\/wp\/v2\/comments?post=1095"}],"version-history":[{"count":44,"href":"https:\/\/ameprohn.com\/en\/wp-json\/wp\/v2\/pages\/1095\/revisions"}],"predecessor-version":[{"id":3320,"href":"https:\/\/ameprohn.com\/en\/wp-json\/wp\/v2\/pages\/1095\/revisions\/3320"}],"wp:attachment":[{"href":"https:\/\/ameprohn.com\/en\/wp-json\/wp\/v2\/media?parent=1095"}],"curies":[{"name":"wp","href":"https:\/\/api.w.org\/{rel}","templated":true}]}}