{"id":3050,"date":"2024-06-01T03:40:46","date_gmt":"2024-06-01T01:40:46","guid":{"rendered":"https:\/\/ameprohn.com\/?page_id=3050"},"modified":"2024-06-12T20:15:59","modified_gmt":"2024-06-12T18:15:59","slug":"gestores-de-cobros","status":"publish","type":"page","link":"https:\/\/ameprohn.com\/en\/gestores-de-cobros\/","title":{"rendered":"Debt Collection Managers"},"content":{"rendered":"<div data-elementor-type=\"wp-page\" data-elementor-id=\"3050\" class=\"elementor elementor-3050\">\n\t\t\t\t\t\t<section class=\"elementor-section elementor-top-section elementor-element elementor-element-e4858ba elementor-section-full_width elementor-section-height-default elementor-section-height-default\" data-id=\"e4858ba\" data-element_type=\"section\" data-settings=\"{&quot;background_background&quot;:&quot;gradient&quot;}\">\n\t\t\t\t\t\t<div class=\"elementor-container elementor-column-gap-default\">\n\t\t\t\t\t<div class=\"elementor-column elementor-col-100 elementor-top-column elementor-element elementor-element-e94b9a4\" data-id=\"e94b9a4\" data-element_type=\"column\">\n\t\t\t<div class=\"elementor-widget-wrap elementor-element-populated\">\n\t\t\t\t\t\t<div class=\"elementor-element elementor-element-6d0c50c elementor-widget elementor-widget-aprt_service_details\" data-id=\"6d0c50c\" data-element_type=\"widget\" data-settings=\"{&quot;aprt_layout_margin&quot;:{&quot;unit&quot;:&quot;px&quot;,&quot;top&quot;:&quot;&quot;,&quot;right&quot;:&quot;&quot;,&quot;bottom&quot;:&quot;&quot;,&quot;left&quot;:&quot;&quot;,&quot;isLinked&quot;:true},&quot;aprt_layout_margin_tablet&quot;:{&quot;unit&quot;:&quot;px&quot;,&quot;top&quot;:&quot;&quot;,&quot;right&quot;:&quot;&quot;,&quot;bottom&quot;:&quot;&quot;,&quot;left&quot;:&quot;&quot;,&quot;isLinked&quot;:true},&quot;aprt_layout_margin_mobile&quot;:{&quot;unit&quot;:&quot;px&quot;,&quot;top&quot;:&quot;&quot;,&quot;right&quot;:&quot;&quot;,&quot;bottom&quot;:&quot;&quot;,&quot;left&quot;:&quot;&quot;,&quot;isLinked&quot;:true},&quot;aprt_layout_padding&quot;:{&quot;unit&quot;:&quot;px&quot;,&quot;top&quot;:&quot;&quot;,&quot;right&quot;:&quot;&quot;,&quot;bottom&quot;:&quot;&quot;,&quot;left&quot;:&quot;&quot;,&quot;isLinked&quot;:true},&quot;aprt_layout_padding_tablet&quot;:{&quot;unit&quot;:&quot;px&quot;,&quot;top&quot;:&quot;&quot;,&quot;right&quot;:&quot;&quot;,&quot;bottom&quot;:&quot;&quot;,&quot;left&quot;:&quot;&quot;,&quot;isLinked&quot;:true},&quot;aprt_layout_padding_mobile&quot;:{&quot;unit&quot;:&quot;px&quot;,&quot;top&quot;:&quot;&quot;,&quot;right&quot;:&quot;&quot;,&quot;bottom&quot;:&quot;&quot;,&quot;left&quot;:&quot;&quot;,&quot;isLinked&quot;:true}}\" data-widget_type=\"aprt_service_details.default\">\n\t\t\t\t<div class=\"elementor-widget-container\">\n\t\t\t    \r\n    <!-- Details Info -->\r\n    <div class=\"service-details-wrap brand-area-white pt-120 pb-96 position-relative\">\r\n       <div class=\"container\">\r\n          <div class=\"row\">\r\n                          <div class=\"col-lg-4 mobt-60\">\r\n                <div class=\"service-sidebar-wrap\">\r\n                   <div class=\"aprt-bg-color\">\r\n                       <div class=\"services-list\">\r\n                          <h2 class=\"sidebar-title mb-4\">Our Solutions<\/h2>\r\n                                                    <ul>\r\n                                                          <li><a class=\"\" href=\"https:\/\/ameprohn.com\/en\/web-development\/\"  >Customer Service Agents<\/a><\/li>\r\n                                                          <li><a class=\"current\" href=\"https:\/\/ameprohn.com\/en\/agentes-de-servicio-al-cliente\/\"  >Virtual Assistants<\/a><\/li>\r\n                                                          <li><a class=\"\" href=\"https:\/\/ameprohn.com\/en\/gestores-de-cobros\/\"  >Debt Collection Managers<\/a><\/li>\r\n                                                          <li><a class=\"\" href=\"https:\/\/ameprohn.com\/en\/gestores-de-ventas\/\"  >Sales Managers<\/a><\/li>\r\n                                                          <li><a class=\"\" href=\"https:\/\/ameprohn.com\/en\/reclutamiento-de-personal\/\"  >Staff Recruitment<\/a><\/li>\r\n                                                       <\/ul>\r\n                                                 <\/div>\r\n                   <\/div>\r\n                   \r\n                                      <div class=\"aprt-bg-color mt-5\">\r\n                       <div class=\"service-message\">\r\n                          <h2 class=\"sidebar-title mb-4\">Request more information about this service.<\/h2>\r\n                          <div id=\"contact-form\" class=\"position-relative submit-form\">\r\n                             \n<div class=\"wpcf7 no-js\" id=\"wpcf7-f3033-o1\" lang=\"en-US\" dir=\"ltr\">\n<div class=\"screen-reader-response\"><p role=\"status\" aria-live=\"polite\" aria-atomic=\"true\"><\/p> <ul><\/ul><\/div>\n<form action=\"\/en\/wp-json\/wp\/v2\/pages\/3050#wpcf7-f3033-o1\" method=\"post\" class=\"wpcf7-form init\" aria-label=\"Contact form\" novalidate=\"novalidate\" data-status=\"init\" data-trp-original-action=\"\/en\/wp-json\/wp\/v2\/pages\/3050#wpcf7-f3033-o1\">\n<div style=\"display: none;\">\n<input type=\"hidden\" name=\"_wpcf7\" value=\"3033\" \/>\n<input type=\"hidden\" name=\"_wpcf7_version\" value=\"5.9.6\" \/>\n<input type=\"hidden\" name=\"_wpcf7_locale\" value=\"en_US\" \/>\n<input type=\"hidden\" name=\"_wpcf7_unit_tag\" value=\"wpcf7-f3033-o1\" \/>\n<input type=\"hidden\" name=\"_wpcf7_container_post\" value=\"0\" \/>\n<input type=\"hidden\" name=\"_wpcf7_posted_data_hash\" value=\"\" \/>\n<\/div>\n<p><span class=\"wpcf7-form-control-wrap\" data-name=\"text-71\"><input size=\"40\" maxlength=\"80\" class=\"wpcf7-form-control wpcf7-text wpcf7-validates-as-required\" aria-required=\"true\" aria-invalid=\"false\" placeholder=\"Your Name:\" value=\"\" type=\"text\" name=\"text-71\" \/><\/span><br \/>\n<span class=\"wpcf7-form-control-wrap\" data-name=\"email-642\"><input size=\"40\" maxlength=\"80\" class=\"wpcf7-form-control wpcf7-email wpcf7-validates-as-required wpcf7-text wpcf7-validates-as-email\" aria-required=\"true\" aria-invalid=\"false\" placeholder=\"Your Email:\" value=\"\" type=\"email\" name=\"email-642\" \/><\/span><br \/>\n<span class=\"wpcf7-form-control-wrap\" data-name=\"textarea-890\"><textarea cols=\"40\" rows=\"10\" maxlength=\"400\" class=\"wpcf7-form-control wpcf7-textarea\" aria-invalid=\"false\" placeholder=\"Write your message...\" name=\"textarea-890\"><\/textarea><\/span><br \/>\n<button type=\"submit\" class=\"contact-submit-btn\">Send now<\/button>\n<\/p><div class=\"wpcf7-response-output\" aria-hidden=\"true\"><\/div>\n<input type=\"hidden\" name=\"trp-form-language\" value=\"en\"\/><\/form>\n<\/div>\n                          <\/div>\r\n                       <\/div>\r\n                   <\/div>\r\n                                      \r\n                <\/div>\r\n             <\/div>\r\n             \r\n\t\t\t              \r\n             <div class=\"col-lg-8 col-md-12 col-sm-12\">\r\n                    <div class=\"details-info-wrap aprt-pl-30\">\r\n                        <h2 class=\"details-info-title\">\r\n                            Irrecoverable Portfolio Collection Managers                        <\/h2>\r\n                        <p class=\"details-info-text\">At AMEPRO, we offer specialized collection management services for portfolios considered irrecoverable or difficult to recover. Our collections managers are highly trained professionals who use specific strategies and techniques to negotiate and recover outstanding payments from delinquent clients.\n<br><br>\n\n<b>What Do Our Collection Managers Do?<b><\/p>\r\n                        \r\n                                                <ul class=\"details-info-list mt-3 mb-4\">\r\n                                                        \r\n                            <li><i class=\"bi bi-check2\"><\/i> Debt Evaluation<\/li>\r\n                                                        \r\n                            <li><i class=\"bi bi-check2\"><\/i> Professional Negotiation<\/li>\r\n                                                        \r\n                            <li><i class=\"bi bi-check2\"><\/i> Custom Strategies<\/li>\r\n                                                        \r\n                            <li><i class=\"bi bi-check2\"><\/i> Continuous monitoring<\/li>\r\n                                                        \r\n                            <li><i class=\"bi bi-check2\"><\/i> Legal advice<\/li>\r\n                                                    <\/ul>\r\n                                                \r\n                                                <img decoding=\"async\" class=\"w-100 mb-4\" src=\"https:\/\/ameprohn.com\/wp-content\/uploads\/2024\/06\/P1355704.png\" alt=\"Awesome Image\">\r\n                                                \r\n                        <h2 class=\"details-info-sub-title\">Benefits of Our Service<\/h2>                        \r\n                        <p class=\"details-info-text\">Our irrecoverable portfolio collection manager services increase the recovery rates of debts considered irrecoverable through specialized and personalized techniques, helping to minimize your company's financial losses by recovering funds that would otherwise be considered lost. By delegating collection management to our experts, your company can focus on its core activities, saving time and improving cash flows and financial stability. In addition, we carry out all collection procedures with professionalism and respect, maintaining good relationships with our clients through ethical strategies.\n\n\n\n\n\n\n<\/p>                        \r\n                                                \r\n                                            \r\n                        <div class=\"accordion accordion-flush faq-wrap\" id=\"accordionFlushExample\">\r\n                                                     <\/div>\r\n                                             <\/div>\r\n                <\/div>\r\n            <\/div>\r\n        <\/div>\r\n        <img decoding=\"async\" class=\"position-absolute top-0 start-0\" src=\"https:\/\/ameprohn.com\/wp-content\/themes\/aprt\/assets\/images\/shape\/home-white-about.png\" alt=\"Awesome Image\">\r\n    <\/div>    \r\n    <!-- Details Info End -->\r\n        \t\r\n\t\t\t<\/div>\n\t\t\t\t<\/div>\n\t\t\t\t\t<\/div>\n\t\t<\/div>\n\t\t\t\t\t<\/div>\n\t\t<\/section>\n\t\t<div class=\"elementor-element elementor-element-ae79086 e-grid e-con-boxed e-con e-parent\" data-id=\"ae79086\" data-element_type=\"container\">\n\t\t\t\t\t<div class=\"e-con-inner\">\n\t\t\t\t<div class=\"elementor-element elementor-element-8d5bea4 elementor-widget elementor-widget-text-editor\" data-id=\"8d5bea4\" data-element_type=\"widget\" data-widget_type=\"text-editor.default\">\n\t\t\t\t<div class=\"elementor-widget-container\">\n\t\t\t<style>\/*! elementor - v3.22.0 - 17-06-2024 *\/\n.elementor-widget-text-editor.elementor-drop-cap-view-stacked .elementor-drop-cap{background-color:#69727d;color:#fff}.elementor-widget-text-editor.elementor-drop-cap-view-framed .elementor-drop-cap{color:#69727d;border:3px solid;background-color:transparent}.elementor-widget-text-editor:not(.elementor-drop-cap-view-default) .elementor-drop-cap{margin-top:8px}.elementor-widget-text-editor:not(.elementor-drop-cap-view-default) .elementor-drop-cap-letter{width:1em;height:1em}.elementor-widget-text-editor .elementor-drop-cap{float:left;text-align:center;line-height:1;font-size:50px}.elementor-widget-text-editor .elementor-drop-cap-letter{display:inline-block}<\/style>\t\t\t\t<h3>Why choose AMEPRO?<\/h3><p>At AMEPRO, our irrecoverable portfolio collection managers stand out for their experience and skills in recovering difficult debts. We are committed to providing an efficient and effective service, adapted to the specific needs of your company. Our mission is to help you recover outstanding funds while maintaining a good relationship with your clients.<\/p>\t\t\t\t\t\t<\/div>\n\t\t\t\t<\/div>\n\t\t\t\t\t<\/div>\n\t\t\t\t<\/div>\n\t\t\t\t<\/div>","protected":false},"excerpt":{"rendered":"<p>Nuestras Soluciones Agentes de servicio al cliente Asistentes Virtuales Gestores de Cobro Gestores de Ventas Reclutamiento de Personal Solicita mas informacion de este servicio. Enviar Ahora Gestores de Cobros de cartera Irrecuperable En AMEPRO, ofrecemos servicios especializados de gesti\u00f3n de cobros para carteras consideradas irrecuperables o de dif\u00edcil recuperaci\u00f3n. Nuestros gestores de cobros son profesionales [&hellip;]<\/p>","protected":false},"author":1,"featured_media":0,"parent":0,"menu_order":0,"comment_status":"closed","ping_status":"closed","template":"tpl-default-elementor.php","meta":{"_joinchat":[],"footnotes":""},"_links":{"self":[{"href":"https:\/\/ameprohn.com\/en\/wp-json\/wp\/v2\/pages\/3050"}],"collection":[{"href":"https:\/\/ameprohn.com\/en\/wp-json\/wp\/v2\/pages"}],"about":[{"href":"https:\/\/ameprohn.com\/en\/wp-json\/wp\/v2\/types\/page"}],"author":[{"embeddable":true,"href":"https:\/\/ameprohn.com\/en\/wp-json\/wp\/v2\/users\/1"}],"replies":[{"embeddable":true,"href":"https:\/\/ameprohn.com\/en\/wp-json\/wp\/v2\/comments?post=3050"}],"version-history":[{"count":17,"href":"https:\/\/ameprohn.com\/en\/wp-json\/wp\/v2\/pages\/3050\/revisions"}],"predecessor-version":[{"id":3353,"href":"https:\/\/ameprohn.com\/en\/wp-json\/wp\/v2\/pages\/3050\/revisions\/3353"}],"wp:attachment":[{"href":"https:\/\/ameprohn.com\/en\/wp-json\/wp\/v2\/media?parent=3050"}],"curies":[{"name":"wp","href":"https:\/\/api.w.org\/{rel}","templated":true}]}}